{"id":65,"date":"2018-07-29T20:04:26","date_gmt":"2018-07-29T18:04:26","guid":{"rendered":"https:\/\/sancdz.com\/jdn\/?page_id=65"},"modified":"2018-08-12T09:21:39","modified_gmt":"2018-08-12T07:21:39","slug":"reglement-interieur","status":"publish","type":"page","link":"https:\/\/sancdz.com\/jdn\/reglement-interieur\/","title":{"rendered":"R\u00e8glement Int\u00e9rieur"},"content":{"rendered":"<p>[vc_row][vc_column][lvca_heading style=\u00a0\u00bbstyle3&Prime; heading=\u00a0\u00bbR\u00e8glement Int\u00e9rieur\u00a0\u00bb][\/vc_column][\/vc_row][vc_row][vc_column][vc_column_text]<\/p>\n<div align=\"justify\">\n<div align=\"justify\"><span class=\"ws8\" style=\"color: #616161; font-family: Tahoma;\"><b>Revue Journal de Neurochirurgie<\/b><\/span><\/div>\n<p><img loading=\"lazy\" decoding=\"async\" class=\"size-full wp-image-56 alignright\" src=\"https:\/\/sancdz.com\/jdn\/wp-content\/uploads\/sites\/2\/2018\/07\/couv01.jpg\" alt=\"\" width=\"200\" height=\"283\" \/><\/p>\n<div align=\"justify\"><span class=\"ws8\" style=\"color: #616161; font-family: Tahoma;\"><b>\u00a0<\/b><\/span><\/div>\n<div align=\"justify\"><span class=\"ws8\" style=\"color: #616161; font-family: Tahoma;\"><b>Article 1 : La revue<\/b><\/span><\/div>\n<div align=\"justify\"><span class=\"ws8\" style=\"color: #616161; font-family: Tahoma;\">\u00a0<\/span><\/div>\n<div align=\"justify\"><span class=\"ws8\" style=\"color: #616161; font-family: Tahoma;\">Une revue scientifique, d\u00e9nomm\u00e9e \u00ab Journal de Neurochirurgie \u00bb a \u00e9t\u00e9 fond\u00e9e. Elle est \u00e9dit\u00e9e par la Soci\u00e9t\u00e9 Alg\u00e9rienne de Neurochirurgie, dont elle repr\u00e9sente l\u2019organe officiel.<\/span><\/div>\n<div align=\"justify\"><span class=\"ws8\" style=\"color: #616161; font-family: Tahoma;\">\u00a0<\/span><\/div>\n<div align=\"justify\"><span class=\"ws8\" style=\"color: #616161; font-family: Tahoma;\">Le si\u00e8ge de\u00a0 la revue correspond \u00e0 l\u2019adresse professionnelle du r\u00e9dacteur en chef, o\u00f9 tout courrier et proposition d\u2019articles doivent \u00eatre adress\u00e9s.<\/span><\/div>\n<\/div>\n<div align=\"justify\"><span class=\"ws8\" style=\"color: #616161; font-family: Tahoma;\">La revue est compos\u00e9e de diverses rubriques :<\/span><\/div>\n<div align=\"justify\"><span class=\"ws8\" style=\"color: #616161; font-family: Tahoma;\">\u00a0<\/span><\/div>\n<ul>\n<li><span class=\"ws8\" style=\"color: #616161; font-family: Tahoma;\">\u00a0\u00a0\u00a0 Articles originaux<\/span><\/li>\n<li><span class=\"ws8\" style=\"color: #616161; font-family: Tahoma;\">\u00a0\u00a0\u00a0 Case reports<\/span><\/li>\n<li><span class=\"ws8\" style=\"color: #616161; font-family: Tahoma;\">\u00a0\u00a0\u00a0 Revue de la litt\u00e9rature<\/span><\/li>\n<li><span class=\"ws8\" style=\"color: #616161; font-family: Tahoma;\">\u00a0\u00a0\u00a0 Notes techniques<\/span><\/li>\n<li><span class=\"ws8\" style=\"color: #616161; font-family: Tahoma;\">\u00a0\u00a0\u00a0 Enseignement<\/span><\/li>\n<li><span class=\"ws8\" style=\"color: #616161; font-family: Tahoma;\">\u00a0\u00a0\u00a0 Commentaires : ils consistent en un avis personnel, \u00e9manant de tout neurochirurgien, concernant un article d\u00e9j\u00e0 publi\u00e9<\/span><\/li>\n<li><span class=\"ws8\" style=\"color: #616161; font-family: Tahoma;\">\u00a0\u00a0\u00a0 Culture<\/span><\/li>\n<\/ul>\n<div align=\"justify\"><span class=\"ws8\" style=\"color: #616161; font-family: Tahoma;\">\u00a0<\/span><\/div>\n<div align=\"justify\"><span class=\"ws8\" style=\"color: #616161; font-family: Tahoma;\">Les objectifs de la revue convergent vers la transmission et les \u00e9changes des connaissances dans tous les domaines de la neurochirurgie et ce, \u00e0 travers les diff\u00e9rentes rubriques pr\u00e9cis\u00e9es ci-dessus. L\u2019espace de communication que repr\u00e9sente notre revue est \u00e9galement ouvert aux autres sp\u00e9cialit\u00e9s, dont le travail qu\u2019elles souhaiteraient soumettre doit poss\u00e9der un lien commun avec la neurochirurgie, telles que la neurologie, l\u2019ophtalmologie, l\u2019orthop\u00e9die, la p\u00e9diatrie.<\/span><\/div>\n<div align=\"justify\"><span class=\"ws8\" style=\"color: #616161; font-family: Tahoma;\">\u00a0<\/span><\/div>\n<div align=\"justify\"><span class=\"ws8\" style=\"color: #616161; font-family: Tahoma;\"><b>Article 2 : Comit\u00e9 de r\u00e9daction<\/b><\/span><\/div>\n<div align=\"justify\"><span class=\"ws8\" style=\"color: #616161; font-family: Tahoma;\">\u00a0<\/span><\/div>\n<div align=\"justify\"><span class=\"ws8\" style=\"color: #616161; font-family: Tahoma;\">La gestion de la revue est assur\u00e9e par un comit\u00e9 de r\u00e9daction, compos\u00e9 d\u2019un r\u00e9dacteur en chef, assist\u00e9 de deux r\u00e9dacteurs adjoints.<\/span><\/div>\n<div align=\"justify\"><span class=\"ws8\" style=\"color: #616161; font-family: Tahoma;\">\u00a0<\/span><\/div>\n<div align=\"justify\"><span class=\"ws8\" style=\"color: #616161; font-family: Tahoma;\">Les trois membres de ce comit\u00e9 sont \u00e9lus par l\u2019assembl\u00e9e g\u00e9n\u00e9rale de la SANC pour un mandat de trois ans renouvelable une fois.<\/span><\/div>\n<div align=\"justify\"><span class=\"ws8\" style=\"color: #616161; font-family: Tahoma;\">\u00a0<\/span><\/div>\n<div align=\"justify\"><span class=\"ws8\" style=\"color: #616161; font-family: Tahoma;\">Le renouvellement du r\u00e9dacteur en chef et des r\u00e9dacteurs adjoints doit \u00eatre respectivement d\u00e9cal\u00e9 d\u2019une ann\u00e9e afin de pr\u00e9server une continuit\u00e9 d\u2019action par une passation progressive des fonctions. La proc\u00e9dure s\u2019appuie sur l\u2019\u00e9lection, dans le m\u00eame temps, des r\u00e9dacteurs adjoints ainsi que du r\u00e9dacteur en chef \u00e9lect, qui ne prendrait donc ses fonctions que l\u2019ann\u00e9e suivante mais qui participe entre temps aux r\u00e9unions du comit\u00e9.<\/span><\/div>\n<div align=\"justify\"><span class=\"ws8\" style=\"color: #616161; font-family: Tahoma;\">\u00a0<\/span><\/div>\n<div align=\"justify\"><span class=\"ws8\" style=\"color: #616161; font-family: Tahoma;\">Ce comit\u00e9 se r\u00e9unit une fois par trimestre pour faire le point sur l\u2019\u00e9tat de la revue et faire une \u00e9valuation quantitative de la banque d\u2019articles. Il peut \u00e9galement se r\u00e9unir autant de fois que n\u00e9cessaire pour pr\u00e9parer et finaliser un num\u00e9ro en voie de parution. Le Pr\u00e9sident en exercice de la SANC assiste de plein droit aux r\u00e9unions du Comit\u00e9 de R\u00e9daction dont les dates devront \u00eatre transmises \u00e0 temps.<\/span><\/div>\n<div align=\"justify\"><span class=\"ws8\" style=\"color: #616161; font-family: Tahoma;\">\u00a0<\/span><\/div>\n<div align=\"justify\"><span class=\"ws8\" style=\"color: #616161; font-family: Tahoma;\">Les membres du Comit\u00e9 de R\u00e9daction qui souhaitent mettre fin \u00e0 leur fonction doivent adresser leur d\u00e9mission au R\u00e9dacteur en Chef, ainsi qu\u2019une copie de celle-ci au Pr\u00e9sident de la SANC. Tout membre du Comit\u00e9 de R\u00e9daction qui, sans raison ou excuse, n\u2019aura pas assist\u00e9 \u00e0 deux (02) r\u00e9unions cons\u00e9cutives, pourra \u00eatre consid\u00e9r\u00e9 comme d\u00e9missionnaire et retir\u00e9 du comit\u00e9 apr\u00e8s concertation avec le bureau de la SANC.<\/span><\/div>\n<div align=\"justify\"><span class=\"ws8\" style=\"color: #616161; font-family: Tahoma;\">\u00a0<\/span><\/div>\n<div align=\"justify\"><span class=\"ws8\" style=\"color: #616161; font-family: Tahoma;\">Dans ces deux \u00e9ventualit\u00e9s, le r\u00e9dacteur en chef d\u00e9signe un rempla\u00e7ant pour combler le\u00a0 poste d\u00e9faillant jusqu\u2019aux prochaines \u00e9lections et en informe le pr\u00e9sident de la Soci\u00e9t\u00e9. Au cas o\u00f9 c\u2019est le r\u00e9dacteur en chef qui pr\u00e9sente une d\u00e9faillance d\u00e9finitive, c\u2019est le r\u00e9dacteur adjoint, le plus ancien dans le grade, qui assurera l\u2019int\u00e9rim jusqu\u2019aux prochaines \u00e9lections \u00e9galement et d\u00e9signe dans le m\u00eame temps un rempla\u00e7ant\u00a0 au poste qu\u2019il a lib\u00e9r\u00e9, apr\u00e8s concertation avec le bureau de la SANC.<\/span><\/div>\n<div align=\"justify\"><span class=\"ws8\" style=\"color: #616161; font-family: Tahoma;\">\u00a0<\/span><\/div>\n<div align=\"justify\"><span class=\"ws8\" style=\"color: #616161; font-family: Tahoma;\"><b>Article 3 : Comit\u00e9 scientifique<\/b><\/span><\/div>\n<div align=\"justify\"><span class=\"ws8\" style=\"color: #616161; font-family: Tahoma;\">\u00a0<\/span><\/div>\n<div align=\"justify\"><span class=\"ws8\" style=\"color: #616161; font-family: Tahoma;\">Celui-ci est compos\u00e9 de lecteurs-experts qui, une fois retenus, pourront \u00eatre consult\u00e9s et donner leur avis sur le fond et la forme des\u00a0 manuscrits propos\u00e9s pour publication.<\/span><\/div>\n<div align=\"justify\"><span class=\"ws8\" style=\"color: #616161; font-family: Tahoma;\">\u00a0<\/span><\/div>\n<div align=\"justify\"><span class=\"ws8\" style=\"color: #616161; font-family: Tahoma;\">Ils sont choisis, par le comit\u00e9 de r\u00e9daction et le bureau de la soci\u00e9t\u00e9, parmi les rangs magistraux, en raison de leur comp\u00e9tence dans des domaines de la neurochirurgie, en raison de la qualit\u00e9 reconnue de leur aptitude scientifique ainsi que de leur engagement effectif dans le d\u00e9veloppement de la neurochirurgie en Alg\u00e9rie et de leur pr\u00e9sence scientifique sur la sc\u00e8ne internationale<\/span><\/div>\n<div align=\"justify\"><span class=\"ws8\" style=\"color: #616161; font-family: Tahoma;\">\u00a0<\/span><\/div>\n<div align=\"justify\"><span class=\"ws8\" style=\"color: #616161; font-family: Tahoma;\">Ils re\u00e7oivent de la part du comit\u00e9 de r\u00e9daction les articles propos\u00e9s, d\u00e8s leur r\u00e9ception, afin de les expertiser. Les articles leur seront attribu\u00e9s en fonction de leurs domaines d\u2019expertise. Les lecteurs &#8211; experts s\u2019engagent \u00e0 retourner leurs conclusions, au comit\u00e9 de r\u00e9daction, par \u00e9crit dans un d\u00e9lai maximum de 21 jours. En cas de retard prolong\u00e9 non justifi\u00e9, ou d\u2019absence de r\u00e9ponse, l\u2019expert concern\u00e9 est retir\u00e9 de la liste du comit\u00e9 scientifique apr\u00e8s concertation avec le bureau de la SANC.<\/span><\/div>\n<div align=\"justify\"><span class=\"ws8\" style=\"color: #616161; font-family: Tahoma;\">\u00a0<\/span><\/div>\n<div align=\"justify\"><span class=\"ws8\" style=\"color: #616161; font-family: Tahoma;\"><b>Article 4 : Attributions<\/b><\/span><\/div>\n<div align=\"justify\"><span class=\"ws8\" style=\"color: #616161; font-family: Tahoma;\">\u00a0<\/span><\/div>\n<div align=\"justify\"><span class=\"ws8\" style=\"color: #616161; font-family: Tahoma;\">Le comit\u00e9 de r\u00e9daction d\u00e9finit et r\u00e9alise les objectifs destin\u00e9s \u00e0 am\u00e9liorer la qualit\u00e9 de la publication.\u00a0 Les membres de ce comit\u00e9 participent \u00e0 la r\u00e9ception, au contr\u00f4le et \u00e0 la s\u00e9lection des articles propos\u00e9s.<\/span><\/div>\n<div align=\"justify\"><span class=\"ws8\" style=\"color: #616161; font-family: Tahoma;\">\u00a0<\/span><\/div>\n<div align=\"justify\"><span class=\"ws8\" style=\"color: #616161; font-family: Tahoma;\">Le R\u00e9dacteur en Chef\u00a0 est responsable de la pr\u00e9paration des num\u00e9ros et de leur parution selon le calendrier pr\u00e9vu. Il fixe la composition des num\u00e9ros et signe leur bon \u00e0 tirer. Il assure le circuit des articles propos\u00e9s vers les lecteurs-experts et veille \u00e0 leur retour. Il transmet par la suite aux auteurs sa d\u00e9cision d\u00e9finitive et d\u00e9livre les attestations de publication.<\/span><\/div>\n<div align=\"justify\"><span class=\"ws8\" style=\"color: #616161; font-family: Tahoma;\">\u00a0<\/span><\/div>\n<div align=\"justify\"><span class=\"ws8\" style=\"color: #616161; font-family: Tahoma;\">Le R\u00e9dacteur en Chef est tenu de rendre compte de l\u2019\u00e9tat de la revue et des travaux du Comit\u00e9 de R\u00e9daction \u00e0 l\u2019assembl\u00e9e g\u00e9n\u00e9rale annuelle de la SANC\u00a0 et au Bureau de la SANC \u00e0 sa demande en cas de situation exceptionnelle. En cas d\u2019indisponibilit\u00e9, il peut \u00eatre repr\u00e9sent\u00e9 par le r\u00e9dacteur adjoint le plus ancien dans le grade.<\/span><\/div>\n<div align=\"justify\"><span class=\"ws8\" style=\"color: #616161; font-family: Tahoma;\">\u00a0<\/span><\/div>\n<div align=\"justify\"><span class=\"ws8\" style=\"color: #616161; font-family: Tahoma;\">\u00a0\u00a0\u00a0\u00a0\u00a0 Les r\u00e9dacteurs adjoints se r\u00e9partissent, en accord avec le r\u00e9dacteur en chef, les diff\u00e9rentes t\u00e2ches que requi\u00e8re la pr\u00e9paration de la revue.<\/span><\/div>\n<div align=\"justify\"><span class=\"ws8\" style=\"color: #616161; font-family: Tahoma;\">\u00a0<\/span><\/div>\n<div align=\"justify\"><span class=\"ws8\" style=\"color: #616161; font-family: Tahoma;\">\u00a0\u00a0\u00a0\u00a0\u00a0 En cas de non respect du r\u00e8glement int\u00e9rieur et en particulier l\u2019article 6, la responsabilit\u00e9 du r\u00e9dacteur en chef \u00e9tant engag\u00e9e, le bureau de la soci\u00e9t\u00e9 est alors habilit\u00e9 \u00e0 mettre fin \u00e0 ses fonctions.<\/span><\/div>\n<div align=\"justify\"><span class=\"ws8\" style=\"color: #616161; font-family: Tahoma;\">\u00a0<\/span><\/div>\n<div align=\"justify\"><span class=\"ws8\" style=\"color: #616161; font-family: Tahoma;\"><b>Article 5 : Financement<\/b><\/span><\/div>\n<div align=\"justify\"><span class=\"ws8\" style=\"color: #616161; font-family: Tahoma;\">\u00a0<\/span><\/div>\n<div align=\"justify\"><span class=\"ws8\" style=\"color: #616161; font-family: Tahoma;\">Le financement g\u00e9n\u00e9ral de la revue est sous la responsabilit\u00e9 du bureau de la SANC et englobe les frais de secr\u00e9tariat et les frais de tirage. Ce financement peut \u00eatre assur\u00e9 par des sponsors ou soutenu par la possibilit\u00e9 d\u2019insertion dans la revue de placards publicitaires concernant des produits m\u00e9dicaux ou chirurgicaux. Le comit\u00e9 de r\u00e9daction de la revue doit par ailleurs contribuer \u00e0 la recherche de toute source de financement l\u00e9gale.<\/span><\/div>\n<div align=\"justify\"><span class=\"ws8\" style=\"color: #616161; font-family: Tahoma;\">\u00a0<\/span><\/div>\n<div align=\"justify\"><span class=\"ws8\" style=\"color: #616161; font-family: Tahoma;\">La revue doit obligatoirement \u00eatre payante.<\/span><\/div>\n<div align=\"justify\"><span class=\"ws8\" style=\"color: #616161; font-family: Tahoma;\">\u00a0<\/span><\/div>\n<div align=\"justify\"><span class=\"ws8\" style=\"color: #616161; font-family: Tahoma;\"><b>Article 6 : Parution<\/b><\/span><\/div>\n<div align=\"justify\"><span class=\"ws8\" style=\"color: #616161; font-family: Tahoma;\">\u00a0<\/span><\/div>\n<div align=\"justify\"><span class=\"ws8\" style=\"color: #616161; font-family: Tahoma;\">La parution de la revue doit \u00eatre r\u00e9guli\u00e8re et au moins bi annuelle et correspondre dans ce cas aux 2 r\u00e9unions scientifiques annuelles de la SANC<\/span><\/div>\n<div align=\"justify\"><span class=\"ws8\" style=\"color: #616161; font-family: Tahoma;\">\u00a0<\/span><\/div>\n<div align=\"justify\"><span class=\"ws8\" style=\"color: #616161; font-family: Tahoma;\">L\u2019objectif souhait\u00e9 est d\u2019augmenter le nombre de num\u00e9ros annuels afin de pouvoir indexer la revue.<\/span><\/div>\n<div align=\"justify\"><span class=\"ws8\" style=\"color: #616161; font-family: Tahoma;\">\u00a0<\/span><\/div>\n<div align=\"justify\"><span class=\"ws8\" style=\"color: #616161; font-family: Tahoma;\"><b>Article 7 : Amendements<\/b><\/span><\/div>\n<div align=\"justify\"><span class=\"ws8\" style=\"color: #616161; font-family: Tahoma;\">\u00a0<\/span><\/div>\n<div align=\"justify\"><span class=\"ws8\" style=\"color: #616161; font-family: Tahoma;\">Tous les articles cit\u00e9s pr\u00e9c\u00e9demment peuvent \u00eatre amend\u00e9s. Ces amendements seront propos\u00e9s par le comit\u00e9 de r\u00e9daction en concertation avec le bureau de la SANC et soumis \u00e0 l\u2019assembl\u00e9e g\u00e9n\u00e9rale de la SANC pour approbation.<\/span><\/div>\n<p>[\/vc_column_text][\/vc_column][\/vc_row]<\/p>\n","protected":false},"excerpt":{"rendered":"<p>[vc_row][vc_column][lvca_heading style=\u00a0\u00bbstyle3&Prime; heading=\u00a0\u00bbR\u00e8glement Int\u00e9rieur\u00a0\u00bb][\/vc_column][\/vc_row][vc_row][vc_column][vc_column_text] Revue Journal de Neurochirurgie \u00a0 Article 1 : La revue \u00a0 Une revue scientifique, d\u00e9nomm\u00e9e \u00ab Journal de Neurochirurgie \u00bb a \u00e9t\u00e9 fond\u00e9e. Elle est \u00e9dit\u00e9e par la Soci\u00e9t\u00e9 Alg\u00e9rienne de Neurochirurgie, dont elle repr\u00e9sente l\u2019organe officiel. \u00a0 Le si\u00e8ge de\u00a0 la revue correspond \u00e0 l\u2019adresse professionnelle du r\u00e9dacteur en chef, &#8230; <a title=\"R\u00e8glement Int\u00e9rieur\" class=\"read-more\" href=\"https:\/\/sancdz.com\/jdn\/reglement-interieur\/\" aria-label=\"En savoir plus sur R\u00e8glement Int\u00e9rieur\">Lire la suite<\/a><\/p>\n","protected":false},"author":1,"featured_media":0,"parent":0,"menu_order":0,"comment_status":"closed","ping_status":"closed","template":"","meta":{"footnotes":""},"class_list":["post-65","page","type-page","status-publish"],"_links":{"self":[{"href":"https:\/\/sancdz.com\/jdn\/wp-json\/wp\/v2\/pages\/65","targetHints":{"allow":["GET"]}}],"collection":[{"href":"https:\/\/sancdz.com\/jdn\/wp-json\/wp\/v2\/pages"}],"about":[{"href":"https:\/\/sancdz.com\/jdn\/wp-json\/wp\/v2\/types\/page"}],"author":[{"embeddable":true,"href":"https:\/\/sancdz.com\/jdn\/wp-json\/wp\/v2\/users\/1"}],"replies":[{"embeddable":true,"href":"https:\/\/sancdz.com\/jdn\/wp-json\/wp\/v2\/comments?post=65"}],"version-history":[{"count":1,"href":"https:\/\/sancdz.com\/jdn\/wp-json\/wp\/v2\/pages\/65\/revisions"}],"predecessor-version":[{"id":258,"href":"https:\/\/sancdz.com\/jdn\/wp-json\/wp\/v2\/pages\/65\/revisions\/258"}],"wp:attachment":[{"href":"https:\/\/sancdz.com\/jdn\/wp-json\/wp\/v2\/media?parent=65"}],"curies":[{"name":"wp","href":"https:\/\/api.w.org\/{rel}","templated":true}]}}